{"id":44,"date":"2020-10-05T18:33:20","date_gmt":"2020-10-05T18:33:20","guid":{"rendered":"https:\/\/sandbo-ejerlaug.dk\/?page_id=44"},"modified":"2020-10-05T18:33:20","modified_gmt":"2020-10-05T18:33:20","slug":"foreninger","status":"publish","type":"page","link":"https:\/\/sandbo-ejerlaug.dk\/index.php\/foreninger\/","title":{"rendered":"Foreninger"},"content":{"rendered":"\n<p><strong>Landliggersammenslutninger<\/strong><\/p>\n\n\n\n<p>De fleste grunde i Ejerforeningen Sandbo ligger i www.landligger.dk.<\/p>\n\n\n\n<p>L\u00e6s om Landliggersammenslutningen Gribskov Vest her: <a href=\"https:\/\/www.landligger.dk\" data-type=\"URL\" data-id=\"https:\/\/www.landligger.dk\" target=\"_blank\" rel=\"noreferrer noopener\">www.landligger.dk<\/a><\/p>\n\n\n\n<p>Resten af vore grunde ligger i <strong>Halsn\u00e6s Kommune<\/strong>.<\/p>\n\n\n\n<p>L\u00e6s om Landliggersammenslutningen Halsn\u00e6s her: <a rel=\"noreferrer noopener\" href=\"http:\/\/www.landligger-halsnaes.dk\" data-type=\"URL\" data-id=\"www.landligger-halsnaes.dk\" target=\"_blank\">www.landligger-halsnaes.dk<\/a><\/p>\n\n\n\n<h2 class=\"wp-block-heading\">Arres\u00f8gruppen<\/h2>\n\n\n\n<p>Arres\u00f8gruppen har f\u00f8lgende m\u00e5ls\u00e6tning:<\/p>\n\n\n\n<p>Gruppens form\u00e5l er at fremme sager vedr\u00f8rende Arres\u00f8 af f\u00e6lles interesse for ejere af sommerhuse eller hel\u00e5rsboliger omkring Arres\u00f8.<\/p>\n\n\n\n<p>Det sker bl.a. gennem deltagelse i det af Naturstyrelsen nedsatte Brugerr\u00e5d for Arres\u00f8, og ved almindelig information til og fra de ber\u00f8rte myndigheder.<\/p>\n\n\n\n<p>L\u00e6s mere her: <a href=\"http:\/\/arresogruppen.dk\" data-type=\"URL\" data-id=\"arresogruppen.dk\" target=\"_blank\" rel=\"noreferrer noopener\">arresogruppen.dk<\/a><\/p>\n","protected":false},"excerpt":{"rendered":"<p>Landliggersammenslutninger De fleste grunde i Ejerforeningen Sandbo ligger i www.landligger.dk. L\u00e6s om Landliggersammenslutningen Gribskov Vest her: www.landligger.dk Resten af vore grunde ligger i Halsn\u00e6s Kommune. L\u00e6s om Landliggersammenslutningen Halsn\u00e6s her: www.landligger-halsnaes.dk Arres\u00f8gruppen Arres\u00f8gruppen har f\u00f8lgende m\u00e5ls\u00e6tning: Gruppens form\u00e5l er at &hellip; <a href=\"https:\/\/sandbo-ejerlaug.dk\/index.php\/foreninger\/\">L\u00e6s resten <span class=\"meta-nav\">&rarr;<\/span><\/a><\/p>\n","protected":false},"author":1,"featured_media":0,"parent":0,"menu_order":0,"comment_status":"closed","ping_status":"closed","template":"sidebar-page.php","meta":{"footnotes":""},"class_list":["post-44","page","type-page","status-publish","hentry"],"_links":{"self":[{"href":"https:\/\/sandbo-ejerlaug.dk\/index.php\/wp-json\/wp\/v2\/pages\/44","targetHints":{"allow":["GET"]}}],"collection":[{"href":"https:\/\/sandbo-ejerlaug.dk\/index.php\/wp-json\/wp\/v2\/pages"}],"about":[{"href":"https:\/\/sandbo-ejerlaug.dk\/index.php\/wp-json\/wp\/v2\/types\/page"}],"author":[{"embeddable":true,"href":"https:\/\/sandbo-ejerlaug.dk\/index.php\/wp-json\/wp\/v2\/users\/1"}],"replies":[{"embeddable":true,"href":"https:\/\/sandbo-ejerlaug.dk\/index.php\/wp-json\/wp\/v2\/comments?post=44"}],"version-history":[{"count":2,"href":"https:\/\/sandbo-ejerlaug.dk\/index.php\/wp-json\/wp\/v2\/pages\/44\/revisions"}],"predecessor-version":[{"id":46,"href":"https:\/\/sandbo-ejerlaug.dk\/index.php\/wp-json\/wp\/v2\/pages\/44\/revisions\/46"}],"wp:attachment":[{"href":"https:\/\/sandbo-ejerlaug.dk\/index.php\/wp-json\/wp\/v2\/media?parent=44"}],"curies":[{"name":"wp","href":"https:\/\/api.w.org\/{rel}","templated":true}]}}