{"id":69,"date":"2020-10-05T18:57:23","date_gmt":"2020-10-05T18:57:23","guid":{"rendered":"https:\/\/sandbo-ejerlaug.dk\/?page_id=69"},"modified":"2020-10-05T18:57:23","modified_gmt":"2020-10-05T18:57:23","slug":"plansystem-dk","status":"publish","type":"page","link":"https:\/\/sandbo-ejerlaug.dk\/index.php\/plansystem-dk\/","title":{"rendered":"Plansystem.dk"},"content":{"rendered":"\n<p>P\u00e5 Plansystem.dk kan du f\u00e5 adgang til en r\u00e6kke kort, der viser informationer om Lokalplaner, Kommuneplaner og meget andet sp\u00e6ndende stof.<\/p>\n\n\n\n<p>Se mere her: <a rel=\"noreferrer noopener\" href=\"http:\/\/kort.plansystem.dk\" data-type=\"URL\" data-id=\"kort.plansystem.dk\" target=\"_blank\">plansystem.dk<\/a><\/p>\n","protected":false},"excerpt":{"rendered":"<p>P\u00e5 Plansystem.dk kan du f\u00e5 adgang til en r\u00e6kke kort, der viser informationer om Lokalplaner, Kommuneplaner og meget andet sp\u00e6ndende stof. Se mere her: plansystem.dk<\/p>\n","protected":false},"author":1,"featured_media":0,"parent":0,"menu_order":0,"comment_status":"closed","ping_status":"closed","template":"showcase.php","meta":{"footnotes":""},"class_list":["post-69","page","type-page","status-publish","hentry"],"_links":{"self":[{"href":"https:\/\/sandbo-ejerlaug.dk\/index.php\/wp-json\/wp\/v2\/pages\/69","targetHints":{"allow":["GET"]}}],"collection":[{"href":"https:\/\/sandbo-ejerlaug.dk\/index.php\/wp-json\/wp\/v2\/pages"}],"about":[{"href":"https:\/\/sandbo-ejerlaug.dk\/index.php\/wp-json\/wp\/v2\/types\/page"}],"author":[{"embeddable":true,"href":"https:\/\/sandbo-ejerlaug.dk\/index.php\/wp-json\/wp\/v2\/users\/1"}],"replies":[{"embeddable":true,"href":"https:\/\/sandbo-ejerlaug.dk\/index.php\/wp-json\/wp\/v2\/comments?post=69"}],"version-history":[{"count":1,"href":"https:\/\/sandbo-ejerlaug.dk\/index.php\/wp-json\/wp\/v2\/pages\/69\/revisions"}],"predecessor-version":[{"id":70,"href":"https:\/\/sandbo-ejerlaug.dk\/index.php\/wp-json\/wp\/v2\/pages\/69\/revisions\/70"}],"wp:attachment":[{"href":"https:\/\/sandbo-ejerlaug.dk\/index.php\/wp-json\/wp\/v2\/media?parent=69"}],"curies":[{"name":"wp","href":"https:\/\/api.w.org\/{rel}","templated":true}]}}